{"id":54,"date":"2016-10-16T15:28:10","date_gmt":"2016-10-16T14:28:10","guid":{"rendered":"http:\/\/prepa-carnot.fr\/mpstar\/?page_id=54"},"modified":"2022-08-29T18:03:28","modified_gmt":"2022-08-29T17:03:28","slug":"54-2","status":"publish","type":"page","link":"https:\/\/mpstar.prepa-carnot.fr\/","title":{"rendered":"Accueil"},"content":{"rendered":"<p>Bienvenue sur le site de l&rsquo;enseignement d&rsquo;informatique en classe de MP* du lyc\u00e9e Carnot de Dijon de J\u00e9r\u00e9my Larochette.<\/p>\n\n\n<p><\/p>\n","protected":false},"excerpt":{"rendered":"<p>Bienvenue sur le site de l&rsquo;enseignement d&rsquo;informatique en classe de MP* du lyc\u00e9e Carnot de Dijon de J\u00e9r\u00e9my Larochette.<\/p>\n","protected":false},"author":1,"featured_media":0,"parent":0,"menu_order":0,"comment_status":"closed","ping_status":"open","template":"","meta":{"footnotes":""},"class_list":["post-54","page","type-page","status-publish","hentry"],"_links":{"self":[{"href":"https:\/\/mpstar.prepa-carnot.fr\/index.php\/wp-json\/wp\/v2\/pages\/54"}],"collection":[{"href":"https:\/\/mpstar.prepa-carnot.fr\/index.php\/wp-json\/wp\/v2\/pages"}],"about":[{"href":"https:\/\/mpstar.prepa-carnot.fr\/index.php\/wp-json\/wp\/v2\/types\/page"}],"author":[{"embeddable":true,"href":"https:\/\/mpstar.prepa-carnot.fr\/index.php\/wp-json\/wp\/v2\/users\/1"}],"replies":[{"embeddable":true,"href":"https:\/\/mpstar.prepa-carnot.fr\/index.php\/wp-json\/wp\/v2\/comments?post=54"}],"version-history":[{"count":2,"href":"https:\/\/mpstar.prepa-carnot.fr\/index.php\/wp-json\/wp\/v2\/pages\/54\/revisions"}],"predecessor-version":[{"id":655,"href":"https:\/\/mpstar.prepa-carnot.fr\/index.php\/wp-json\/wp\/v2\/pages\/54\/revisions\/655"}],"wp:attachment":[{"href":"https:\/\/mpstar.prepa-carnot.fr\/index.php\/wp-json\/wp\/v2\/media?parent=54"}],"curies":[{"name":"wp","href":"https:\/\/api.w.org\/{rel}","templated":true}]}}